{"id":42,"date":"2024-02-17T15:04:22","date_gmt":"2024-02-17T14:04:22","guid":{"rendered":"https:\/\/xn--lindwurmstrae-mdb.de\/?page_id=42"},"modified":"2025-11-09T18:10:32","modified_gmt":"2025-11-09T17:10:32","slug":"impressum","status":"publish","type":"page","link":"https:\/\/xn--lindwurmstraefralle-wtb52d.de\/?page_id=42","title":{"rendered":"Impressum"},"content":{"rendered":"\n<h2 class=\"wp-block-heading\">Angaben gem\u00e4\u00df \u00a7 5 TMG:<\/h2>\n\n\n\n<p>Webseite der B\u00fcrgerinitiative &#8222;Lindwurmstra\u00dfe f\u00fcr Alle!&#8220;<br>Sprecher: Georg Koch<\/p>\n\n\n\n<h3 class=\"wp-block-heading\">Postanschrift:<\/h3>\n\n\n\n<p>B\u00fcrgerinitiative &#8222;Lindwurmstra\u00dfe f\u00fcr alle!&#8220;<br>c\/o Jochen Rei\u00dfinger<br>Lilienstra\u00dfe 20<br>81669 M\u00fcnchen<\/p>\n\n\n\n<h3 class=\"wp-block-heading\">Kontakt:<\/h3>\n\n\n\n<p>E-Mail: info@lindwurmstrassefueralle.de<\/p>\n","protected":false},"excerpt":{"rendered":"<p>Angaben gem\u00e4\u00df \u00a7 5 TMG: Webseite der B\u00fcrgerinitiative &#8222;Lindwurmstra\u00dfe f\u00fcr Alle!&#8220;Sprecher: Georg Koch Postanschrift: B\u00fcrgerinitiative &#8222;Lindwurmstra\u00dfe f\u00fcr alle!&#8220;c\/o Jochen Rei\u00dfingerLilienstra\u00dfe 2081669 M\u00fcnchen Kontakt: E-Mail: info@lindwurmstrassefueralle.de<\/p>\n","protected":false},"author":1,"featured_media":0,"parent":0,"menu_order":0,"comment_status":"closed","ping_status":"closed","template":"","meta":{"footnotes":""},"class_list":["post-42","page","type-page","status-publish","hentry"],"_links":{"self":[{"href":"https:\/\/xn--lindwurmstraefralle-wtb52d.de\/index.php?rest_route=\/wp\/v2\/pages\/42","targetHints":{"allow":["GET"]}}],"collection":[{"href":"https:\/\/xn--lindwurmstraefralle-wtb52d.de\/index.php?rest_route=\/wp\/v2\/pages"}],"about":[{"href":"https:\/\/xn--lindwurmstraefralle-wtb52d.de\/index.php?rest_route=\/wp\/v2\/types\/page"}],"author":[{"embeddable":true,"href":"https:\/\/xn--lindwurmstraefralle-wtb52d.de\/index.php?rest_route=\/wp\/v2\/users\/1"}],"replies":[{"embeddable":true,"href":"https:\/\/xn--lindwurmstraefralle-wtb52d.de\/index.php?rest_route=%2Fwp%2Fv2%2Fcomments&post=42"}],"version-history":[{"count":3,"href":"https:\/\/xn--lindwurmstraefralle-wtb52d.de\/index.php?rest_route=\/wp\/v2\/pages\/42\/revisions"}],"predecessor-version":[{"id":1222,"href":"https:\/\/xn--lindwurmstraefralle-wtb52d.de\/index.php?rest_route=\/wp\/v2\/pages\/42\/revisions\/1222"}],"wp:attachment":[{"href":"https:\/\/xn--lindwurmstraefralle-wtb52d.de\/index.php?rest_route=%2Fwp%2Fv2%2Fmedia&parent=42"}],"curies":[{"name":"wp","href":"https:\/\/api.w.org\/{rel}","templated":true}]}}